{"id":4544,"date":"2023-02-07T11:14:44","date_gmt":"2023-02-07T10:14:44","guid":{"rendered":"https:\/\/www.altear.fr\/?page_id=4544"},"modified":"2023-06-02T15:20:12","modified_gmt":"2023-06-02T13:20:12","slug":"mentions-legales","status":"publish","type":"page","link":"https:\/\/www.altear.fr\/ch\/mentions-legales\/","title":{"rendered":"Mentions l\u00e9gales"},"content":{"rendered":"\t\t<div data-elementor-type=\"wp-page\" data-elementor-id=\"4544\" class=\"elementor elementor-4544 elementor-747\" data-elementor-post-type=\"page\">\n\t\t\t\t\t\t<section class=\"elementor-section elementor-top-section elementor-element elementor-element-3345844f elementor-section-boxed elementor-section-height-default elementor-section-height-default\" data-id=\"3345844f\" data-element_type=\"section\" data-e-type=\"section\">\n\t\t\t\t\t\t<div class=\"elementor-container elementor-column-gap-default\">\n\t\t\t\t\t<div class=\"elementor-column elementor-col-100 elementor-top-column elementor-element elementor-element-65a4e0c3\" data-id=\"65a4e0c3\" data-element_type=\"column\" data-e-type=\"column\">\n\t\t\t<div class=\"elementor-widget-wrap elementor-element-populated\">\n\t\t\t\t\t\t<section class=\"elementor-section elementor-inner-section elementor-element elementor-element-25574ce9 elementor-section-boxed elementor-section-height-default elementor-section-height-default\" data-id=\"25574ce9\" data-element_type=\"section\" data-e-type=\"section\">\n\t\t\t\t\t\t<div class=\"elementor-container elementor-column-gap-default\">\n\t\t\t\t\t<div class=\"elementor-column elementor-col-100 elementor-inner-column elementor-element elementor-element-358bdfaf\" data-id=\"358bdfaf\" data-element_type=\"column\" data-e-type=\"column\">\n\t\t\t<div class=\"elementor-widget-wrap elementor-element-populated\">\n\t\t\t\t\t\t<div class=\"elementor-element elementor-element-1b0048fa elementor-widget elementor-widget-heading\" data-id=\"1b0048fa\" data-element_type=\"widget\" data-e-type=\"widget\" data-widget_type=\"heading.default\">\n\t\t\t\t<div class=\"elementor-widget-container\">\n\t\t\t\t\t<h2 class=\"elementor-heading-title elementor-size-default\">Politique de confidentialit\u00e9<\/h2>\t\t\t\t<\/div>\n\t\t\t\t<\/div>\n\t\t\t\t<div class=\"elementor-element elementor-element-a78991f elementor-widget__width-initial elementor-widget elementor-widget-text-editor\" data-id=\"a78991f\" data-element_type=\"widget\" data-e-type=\"widget\" data-widget_type=\"text-editor.default\">\n\t\t\t\t<div class=\"elementor-widget-container\">\n\t\t\t\t\t\t\t\t\t<p><span style=\"font-weight: 400;\">Via le site Altear.fr, nous traitons vos donn\u00e9es \u00e0 caract\u00e8re personnel \u00e0 diff\u00e9rentes fins.\u00a0<\/span><\/p>\n<p><span style=\"font-weight: 600;\">Nous traitons :<\/span><\/p>\n<p><span style=\"font-weight: 600;\">Les donn\u00e9es de navigation de nos visiteurs pour am\u00e9liorer la performance de notre site :<\/span><\/p>\n<p><span style=\"font-weight: 400;\">1\/ Vos donn\u00e9es sont recueillies via notre outil Google analytics et sont exploit\u00e9es par nos \u00e9quipes dans la limite de leurs habilitations et notre agence de marketing.<\/span><\/p>\n<p><span style=\"font-weight: 400;\">2\/ Vos donn\u00e9es sont conserv\u00e9es 36 mois.<\/span><\/p>\n<p><span style=\"font-weight: 600;\">Les donn\u00e9es \u00e0 caract\u00e8re personnel transmis par le biais de nos formulaires de contact : pour g\u00e9rer la relation client :<\/span><\/p>\n<p><span style=\"font-weight: 400;\">1\/ traiter vos demandes et r\u00e9clamations, constituer un fichier client, envoyer des newsletters.<\/span><\/p>\n<p><span style=\"font-weight: 400;\">2\/ pour prospecter : traiter vos demandes commerciales, r\u00e9aliser des actions de prospection, envoyer des newsletter et des offres commerciales : <br \/><\/span><span style=\"font-weight: 400;\">\u2022 Vos donn\u00e9es sont recueillies via nos formulaires sont exploit\u00e9es par nos \u00e9quipes dans la limite de leurs habilitations et notre agence de marketing.<br \/>\u2022 Vos donn\u00e9es sont conserv\u00e9es 3 ans apr\u00e8s votre derni\u00e8re interaction.<\/span><\/p>\t\t\t\t\t\t\t\t<\/div>\n\t\t\t\t<\/div>\n\t\t\t\t<div class=\"elementor-element elementor-element-5005ec92 elementor-widget__width-initial elementor-widget elementor-widget-heading\" data-id=\"5005ec92\" data-element_type=\"widget\" data-e-type=\"widget\" data-widget_type=\"heading.default\">\n\t\t\t\t<div class=\"elementor-widget-container\">\n\t\t\t\t\t<h3 class=\"elementor-heading-title elementor-size-default\">Quels sont mes droits et mes recours ?<\/h3>\t\t\t\t<\/div>\n\t\t\t\t<\/div>\n\t\t\t\t<div class=\"elementor-element elementor-element-43957d34 elementor-widget__width-initial elementor-widget elementor-widget-text-editor\" data-id=\"43957d34\" data-element_type=\"widget\" data-e-type=\"widget\" data-widget_type=\"text-editor.default\">\n\t\t\t\t<div class=\"elementor-widget-container\">\n\t\t\t\t\t\t\t\t\t<p><span style=\"font-weight: 400;\">Dans le cadre du RGPD, vous disposez des droits suivants quant \u00e0 vos donn\u00e9es :\u00a0<\/span><\/p>\n<p><span style=\"font-weight: 400;\">\u2022 droit d\u2019acc\u00e8s,<br \/><\/span><span style=\"font-weight: 400;\">\u2022 droit de rectification et d\u2019effacement,<br \/><\/span><span style=\"font-weight: 400;\">\u2022 droit \u00e0 limitation du traitement,<br \/><\/span><span style=\"font-weight: 400;\">\u2022 droit \u00e0 la portabilit\u00e9 de vos donn\u00e9es,<br \/><\/span><span style=\"font-weight: 400;\">\u2022 droit d\u2019opposition.<\/span><\/p>\n<p><br \/><span style=\"font-weight: 400;\">Pour disposer de vos droits, il suffit d\u2019en faire la demande \u00e0 <\/span><a href=\"mailto:websitediva@altear.fr\"><span style=\"font-weight: 400;\">websitediva@altear.fr<\/span><\/a><span style=\"font-weight: 400;\">. <\/span><\/p>\t\t\t\t\t\t\t\t<\/div>\n\t\t\t\t<\/div>\n\t\t\t\t<div class=\"elementor-element elementor-element-22c7ba61 elementor-widget__width-initial elementor-widget elementor-widget-heading\" data-id=\"22c7ba61\" data-element_type=\"widget\" data-e-type=\"widget\" data-widget_type=\"heading.default\">\n\t\t\t\t<div class=\"elementor-widget-container\">\n\t\t\t\t\t<h3 class=\"elementor-heading-title elementor-size-default\">Des donn\u00e9es sont-elles transf\u00e9r\u00e9es en dehors de l\u2019Union Europ\u00e9enne ?<\/h3>\t\t\t\t<\/div>\n\t\t\t\t<\/div>\n\t\t\t\t<div class=\"elementor-element elementor-element-7a9d47d9 elementor-widget__width-initial elementor-widget elementor-widget-text-editor\" data-id=\"7a9d47d9\" data-element_type=\"widget\" data-e-type=\"widget\" data-widget_type=\"text-editor.default\">\n\t\t\t\t<div class=\"elementor-widget-container\">\n\t\t\t\t\t\t\t\t\t<p><span style=\"font-weight: 400;\">Vos donn\u00e9es \u00e0 caract\u00e8re personnel sont susceptibles d\u2019\u00eatre transf\u00e9r\u00e9es \u00e0 l\u2019un de nos partenaires situ\u00e9s hors de l\u2019Union Europ\u00e9enne. Voici la liste de nos partenaires concern\u00e9s par ces transferts :<\/span><\/p>\n<p>\u2022 G<span style=\"font-weight: 400;\">oogle Analytics : Google Analytics est un logiciel de suivi de trafic. Des garanties sont mises en place via des Clauses Contractuelles Types. Vous pouvez y acc\u00e9der via cette adresse : <\/span><a href=\"https:\/\/support.google.com\/analytics\/answer\/3379636\"><span style=\"font-weight: 400;\">https:\/\/support.google.com\/analytics\/answer\/3379636<\/span><\/a><\/p>\t\t\t\t\t\t\t\t<\/div>\n\t\t\t\t<\/div>\n\t\t\t\t<div class=\"elementor-element elementor-element-896b13b elementor-align-left elementor-mobile-align-center elementor-widget elementor-widget-button\" data-id=\"896b13b\" data-element_type=\"widget\" data-e-type=\"widget\" data-widget_type=\"button.default\">\n\t\t\t\t<div class=\"elementor-widget-container\">\n\t\t\t\t\t\t\t\t\t<div class=\"elementor-button-wrapper\">\n\t\t\t\t\t<a class=\"elementor-button elementor-button-link elementor-size-sm\" href=\"https:\/\/www.altear.fr\/ch\/\">\n\t\t\t\t\t\t<span class=\"elementor-button-content-wrapper\">\n\t\t\t\t\t\t\t\t\t<span class=\"elementor-button-text\">Retour \u00e0 l'accueil<\/span>\n\t\t\t\t\t<\/span>\n\t\t\t\t\t<\/a>\n\t\t\t\t<\/div>\n\t\t\t\t\t\t\t\t<\/div>\n\t\t\t\t<\/div>\n\t\t\t\t\t<\/div>\n\t\t<\/div>\n\t\t\t\t\t<\/div>\n\t\t<\/section>\n\t\t\t\t\t<\/div>\n\t\t<\/div>\n\t\t\t\t\t<\/div>\n\t\t<\/section>\n\t\t\t\t<\/div>\n\t\t","protected":false},"excerpt":{"rendered":"<p>Politique de confidentialit\u00e9 Via le site Altear.fr, nous traitons vos donn\u00e9es \u00e0 caract\u00e8re personnel \u00e0 diff\u00e9rentes fins.\u00a0 Nous traitons : Les donn\u00e9es de navigation de nos visiteurs pour am\u00e9liorer la performance de notre site : 1\/ Vos donn\u00e9es sont recueillies via notre outil Google analytics et sont exploit\u00e9es par nos \u00e9quipes dans la limite de [&hellip;]<\/p>\n","protected":false},"author":4,"featured_media":0,"parent":0,"menu_order":25,"comment_status":"closed","ping_status":"closed","template":"","meta":{"inline_featured_image":false,"_uf_show_specific_survey":0,"_uf_disable_surveys":false,"footnotes":""},"class_list":["post-4544","page","type-page","status-publish","hentry"],"aioseo_notices":[],"jetpack_sharing_enabled":true,"_links":{"self":[{"href":"https:\/\/www.altear.fr\/ch\/wp-json\/wp\/v2\/pages\/4544","targetHints":{"allow":["GET"]}}],"collection":[{"href":"https:\/\/www.altear.fr\/ch\/wp-json\/wp\/v2\/pages"}],"about":[{"href":"https:\/\/www.altear.fr\/ch\/wp-json\/wp\/v2\/types\/page"}],"author":[{"embeddable":true,"href":"https:\/\/www.altear.fr\/ch\/wp-json\/wp\/v2\/users\/4"}],"replies":[{"embeddable":true,"href":"https:\/\/www.altear.fr\/ch\/wp-json\/wp\/v2\/comments?post=4544"}],"version-history":[{"count":14,"href":"https:\/\/www.altear.fr\/ch\/wp-json\/wp\/v2\/pages\/4544\/revisions"}],"predecessor-version":[{"id":4720,"href":"https:\/\/www.altear.fr\/ch\/wp-json\/wp\/v2\/pages\/4544\/revisions\/4720"}],"wp:attachment":[{"href":"https:\/\/www.altear.fr\/ch\/wp-json\/wp\/v2\/media?parent=4544"}],"curies":[{"name":"wp","href":"https:\/\/api.w.org\/{rel}","templated":true}]}}